{"id":40738,"date":"2026-01-14T10:40:27","date_gmt":"2026-01-14T11:40:27","guid":{"rendered":"https:\/\/euknow.it\/elementor-40713\/"},"modified":"2026-01-15T12:25:45","modified_gmt":"2026-01-15T13:25:45","slug":"elementor-40713","status":"publish","type":"page","link":"https:\/\/euknow.it\/de\/elementor-40713\/","title":{"rendered":"Newsletter"},"content":{"rendered":"\t\t<div data-elementor-type=\"wp-page\" data-elementor-id=\"40738\" class=\"elementor elementor-40738 elementor-40713\" data-elementor-post-type=\"page\">\n\t\t\t\t<div class=\"elementor-element elementor-element-cadcb14 e-grid e-con-boxed e-con e-parent\" data-id=\"cadcb14\" data-element_type=\"container\" data-e-type=\"container\">\n\t\t\t\t\t<div class=\"e-con-inner\">\n\t\t\t\t<div class=\"elementor-element elementor-element-5384bd5 elementor-widget elementor-widget-theme-site-logo elementor-widget-image\" data-id=\"5384bd5\" data-element_type=\"widget\" data-e-type=\"widget\" data-widget_type=\"theme-site-logo.default\">\n\t\t\t\t\t\t\t\t\t\t\t<a href=\"https:\/\/euknow.it\/de\/\">\n\t\t\t<img decoding=\"async\" width=\"1\" height=\"1\" src=\"https:\/\/euknow.it\/wp-content\/uploads\/2026\/01\/EUknow.it-logo-2.svg\" class=\"attachment-full size-full wp-image-40829\" alt=\"\" \/>\t\t\t\t<\/a>\n\t\t\t\t\t\t\t\t\t\t\t<\/div>\n\t\t\t\t<div class=\"elementor-element elementor-element-7fed7fc elementor-hidden-mobile elementor-widget elementor-widget-text-editor\" data-id=\"7fed7fc\" data-element_type=\"widget\" data-e-type=\"widget\" data-widget_type=\"text-editor.default\">\n\t\t\t\t\t\t\t\t\t<p>Der Leitfaden f\u00fcr europ\u00e4ische Programme und Projekte<\/p>\t\t\t\t\t\t\t\t<\/div>\n\t\t\t\t\t<\/div>\n\t\t\t\t<\/div>\n\t\t<div class=\"elementor-element elementor-element-fb3eb4e left-cut bg-bis e-flex e-con-boxed e-con e-parent\" data-id=\"fb3eb4e\" data-element_type=\"container\" data-e-type=\"container\" data-settings=\"{&quot;background_background&quot;:&quot;classic&quot;}\">\n\t\t\t\t\t<div class=\"e-con-inner\">\n\t\t<div class=\"elementor-element elementor-element-7e7ca71 e-con-full e-flex e-con e-child\" data-id=\"7e7ca71\" data-element_type=\"container\" data-e-type=\"container\" data-settings=\"{&quot;background_background&quot;:&quot;classic&quot;}\">\n\t\t<div class=\"elementor-element elementor-element-3bac837 e-con-full elementor-hidden-tablet elementor-hidden-mobile e-flex e-con e-child\" data-id=\"3bac837\" data-element_type=\"container\" data-e-type=\"container\">\n\t\t\t\t<\/div>\n\t\t<div class=\"elementor-element elementor-element-6431bc4 e-con-full e-flex e-con e-child\" data-id=\"6431bc4\" data-element_type=\"container\" data-e-type=\"container\">\n\t\t\t\t<div class=\"elementor-element elementor-element-a7d9b5f elementor-widget elementor-widget-heading\" data-id=\"a7d9b5f\" data-element_type=\"widget\" data-e-type=\"widget\" data-widget_type=\"heading.default\">\n\t\t\t\t\t<h1 class=\"elementor-heading-title elementor-size-default\">Der Newsletter von EUknow.co.uk<\/h1>\t\t\t\t<\/div>\n\t\t\t\t<div class=\"elementor-element elementor-element-97a0daa elementor-widget elementor-widget-text-editor\" data-id=\"97a0daa\" data-element_type=\"widget\" data-e-type=\"widget\" data-widget_type=\"text-editor.default\">\n\t\t\t\t\t\t\t\t\t<p>Schlie\u00dfen Sie sich den \u00fcber 15.000 Fachleuten und Europlanern an, die bereits unsere Updates erhalten.<\/p><p>Einmal im Monat, direkt in Ihrer E-Mail.<\/p>\t\t\t\t\t\t\t\t<\/div>\n\t\t\t\t<\/div>\n\t\t<div class=\"elementor-element elementor-element-fca7eb9 e-con-full e-flex e-con e-child\" data-id=\"fca7eb9\" data-element_type=\"container\" data-e-type=\"container\">\n\t\t\t\t<div class=\"elementor-element elementor-element-2bd4f48 elementor-widget elementor-widget-image\" data-id=\"2bd4f48\" data-element_type=\"widget\" data-e-type=\"widget\" data-widget_type=\"image.default\">\n\t\t\t\t\t\t\t\t\t\t\t\t\t\t\t<img decoding=\"async\" width=\"1\" height=\"1\" src=\"https:\/\/euknow.it\/wp-content\/uploads\/2025\/12\/icona-newsletter.svg\" class=\"attachment-large size-large wp-image-40426\" alt=\"\" \/>\t\t\t\t\t\t\t\t\t\t\t\t\t\t\t<\/div>\n\t\t\t\t<\/div>\n\t\t\t\t<\/div>\n\t\t\t\t\t<\/div>\n\t\t\t\t<\/div>\n\t\t<div class=\"elementor-element elementor-element-b0aace2 e-flex e-con-boxed e-con e-parent\" data-id=\"b0aace2\" data-element_type=\"container\" data-e-type=\"container\">\n\t\t\t\t\t<div class=\"e-con-inner\">\n\t\t\t\t<div class=\"elementor-element elementor-element-f149a4c elementor-widget elementor-widget-heading\" data-id=\"f149a4c\" data-element_type=\"widget\" data-e-type=\"widget\" data-widget_type=\"heading.default\">\n\t\t\t\t\t<h2 class=\"elementor-heading-title elementor-size-default\">DER EUKNOW.DE NEWSLETTER<\/h2>\t\t\t\t<\/div>\n\t\t<div class=\"elementor-element elementor-element-88ae379 e-con-full e-flex e-con e-child\" data-id=\"88ae379\" data-element_type=\"container\" data-e-type=\"container\" data-settings=\"{&quot;background_background&quot;:&quot;classic&quot;}\">\n\t\t\t\t<div class=\"elementor-element elementor-element-1266e4d elementor-widget__width-initial elementor-widget elementor-widget-heading\" data-id=\"1266e4d\" data-element_type=\"widget\" data-e-type=\"widget\" data-widget_type=\"heading.default\">\n\t\t\t\t\t<h2 class=\"elementor-heading-title elementor-size-default\">Die Welt der europ\u00e4ischen Programme und Aufforderungen zur Einreichung von Vorschl\u00e4gen kann immer bei Ihnen sein\n\n<\/h2>\t\t\t\t<\/div>\n\t\t\t\t<div class=\"elementor-element elementor-element-1d9ffd0 elementor-widget__width-initial elementor-widget elementor-widget-text-editor\" data-id=\"1d9ffd0\" data-element_type=\"widget\" data-e-type=\"widget\" data-widget_type=\"text-editor.default\">\n\t\t\t\t\t\t\t\t\t<p>Melden Sie sich jetzt an und erhalten Sie Updates direkt in Ihren E-Mail-Posteingang.<\/p>\t\t\t\t\t\t\t\t<\/div>\n\t\t<div class=\"elementor-element elementor-element-b91f816 e-con-full e-flex e-con e-child\" data-id=\"b91f816\" data-element_type=\"container\" data-e-type=\"container\" data-settings=\"{&quot;background_background&quot;:&quot;classic&quot;}\">\n\t\t\t\t<div class=\"elementor-element elementor-element-2092610 elementor-button-align-center elementor-widget elementor-widget-form\" data-id=\"2092610\" data-element_type=\"widget\" data-e-type=\"widget\" data-settings=\"{&quot;step_next_label&quot;:&quot;N\\u00e4chste&quot;,&quot;step_previous_label&quot;:&quot;Vorherige&quot;,&quot;step_type&quot;:&quot;number_text&quot;,&quot;step_icon_shape&quot;:&quot;circle&quot;}\" data-widget_type=\"form.default\">\n\t\t\t\t\t\t\t<form class=\"elementor-form\" method=\"post\" name=\"Newsletter Formular\" aria-label=\"Newsletter Formular\">\n\t\t\t<input type=\"hidden\" name=\"post_id\" value=\"40738\"\/>\n\t\t\t<input type=\"hidden\" name=\"form_id\" value=\"2092610\"\/>\n\t\t\t<input type=\"hidden\" name=\"referer_title\" value=\"Newsletter - EUknow.it\" \/>\n\n\t\t\t\t\t\t\t<input type=\"hidden\" name=\"queried_id\" value=\"40738\"\/>\n\t\t\t\n\t\t\t<div class=\"elementor-form-fields-wrapper elementor-labels-above\">\n\t\t\t\t\t\t\t\t<div class=\"elementor-field-type-text elementor-field-group elementor-column elementor-field-group-field_0db7f3c elementor-col-100\">\n\t\t\t\t\t\t\t\t\t\t\t\t<label for=\"form-field-field_0db7f3c\" class=\"elementor-field-label\">\n\t\t\t\t\t\t\t\tName\t\t\t\t\t\t\t<\/label>\n\t\t\t\t\t\t\t\t\t\t\t\t\t\t<input size=\"1\" type=\"text\" name=\"form_fields[field_0db7f3c]\" id=\"form-field-field_0db7f3c\" class=\"elementor-field elementor-size-sm  elementor-field-textual\">\n\t\t\t\t\t\t\t\t\t\t\t<\/div>\n\t\t\t\t\t\t\t\t<div class=\"elementor-field-type-text elementor-field-group elementor-column elementor-field-group-field_1bac9a0 elementor-col-100\">\n\t\t\t\t\t\t\t\t\t\t\t\t<label for=\"form-field-field_1bac9a0\" class=\"elementor-field-label\">\n\t\t\t\t\t\t\t\tNachname\t\t\t\t\t\t\t<\/label>\n\t\t\t\t\t\t\t\t\t\t\t\t\t\t<input size=\"1\" type=\"text\" name=\"form_fields[field_1bac9a0]\" id=\"form-field-field_1bac9a0\" class=\"elementor-field elementor-size-sm  elementor-field-textual\">\n\t\t\t\t\t\t\t\t\t\t\t<\/div>\n\t\t\t\t\t\t\t\t<div class=\"elementor-field-type-email elementor-field-group elementor-column elementor-field-group-email elementor-col-100 elementor-field-required\">\n\t\t\t\t\t\t\t\t\t\t\t\t<label for=\"form-field-email\" class=\"elementor-field-label\">\n\t\t\t\t\t\t\t\tE-Mail\t\t\t\t\t\t\t<\/label>\n\t\t\t\t\t\t\t\t\t\t\t\t\t\t<input size=\"1\" type=\"email\" name=\"form_fields[email]\" id=\"form-field-email\" class=\"elementor-field elementor-size-sm  elementor-field-textual\" placeholder=\"Geben Sie hier Ihre E-Mail ein\" required=\"required\">\n\t\t\t\t\t\t\t\t\t\t\t<\/div>\n\t\t\t\t\t\t\t\t<div class=\"elementor-field-type-acceptance elementor-field-group elementor-column elementor-field-group-field_privacy elementor-col-100 elementor-field-required\">\n\t\t\t\t\t\t\t<div class=\"elementor-field-subgroup\">\n\t\t\t<span class=\"elementor-field-option\">\n\t\t\t\t<input type=\"checkbox\" name=\"form_fields[field_privacy]\" id=\"form-field-field_privacy\" class=\"elementor-field elementor-size-sm  elementor-acceptance-field\" required=\"required\">\n\t\t\t\t<label for=\"form-field-field_privacy\">Ich akzeptiere die <a href=\"https:\/\/euknow.it\/de\/datenschutzbestimmungen\/\" target=\"blanc\">Datenschutzbestimmungen<\/a>.<\/label>\t\t\t<\/span>\n\t\t<\/div>\n\t\t\t\t\t\t<\/div>\n\t\t\t\t\t\t\t\t<div class=\"elementor-field-group elementor-column elementor-field-type-submit elementor-col-100 e-form__buttons\">\n\t\t\t\t\t<button class=\"elementor-button elementor-size-sm\" type=\"submit\">\n\t\t\t\t\t\t<span class=\"elementor-button-content-wrapper\">\n\t\t\t\t\t\t\t\t\t\t\t\t\t\t\t\t\t\t\t\t\t\t<span class=\"elementor-button-text\">Registrieren Sie sich<\/span>\n\t\t\t\t\t\t\t\t\t\t\t\t\t<\/span>\n\t\t\t\t\t<\/button>\n\t\t\t\t<\/div>\n\t\t\t<\/div>\n\t\t<\/form>\n\t\t\t\t\t\t<\/div>\n\t\t\t\t<\/div>\n\t\t\t\t<\/div>\n\t\t\t\t\t<\/div>\n\t\t\t\t<\/div>\n\t\t<div class=\"elementor-element elementor-element-c92e6dd e-flex e-con-boxed e-con e-parent\" data-id=\"c92e6dd\" data-element_type=\"container\" data-e-type=\"container\">\n\t\t\t\t\t<div class=\"e-con-inner\">\n\t\t\t\t<div class=\"elementor-element elementor-element-eec517a elementor-widget elementor-widget-heading\" data-id=\"eec517a\" data-element_type=\"widget\" data-e-type=\"widget\" data-widget_type=\"heading.default\">\n\t\t\t\t\t<h2 class=\"elementor-heading-title elementor-size-default\">Viel mehr als ein Ratgeber, ein Nachschlagewerk, das Sie immer bei sich tragen k\u00f6nnen<\/h2>\t\t\t\t<\/div>\n\t\t\t\t\t<\/div>\n\t\t\t\t<\/div>\n\t\t<div class=\"elementor-element elementor-element-bcec409 e-grid e-con-boxed e-con e-parent\" data-id=\"bcec409\" data-element_type=\"container\" data-e-type=\"container\">\n\t\t\t\t\t<div class=\"e-con-inner\">\n\t\t<div class=\"elementor-element elementor-element-b15c8a8 e-flex e-con-boxed e-con e-child\" data-id=\"b15c8a8\" data-element_type=\"container\" data-e-type=\"container\" data-settings=\"{&quot;background_background&quot;:&quot;classic&quot;}\">\n\t\t\t\t\t<div class=\"e-con-inner\">\n\t\t<div class=\"elementor-element elementor-element-b451ff7 e-con-full e-flex e-con e-child\" data-id=\"b451ff7\" data-element_type=\"container\" data-e-type=\"container\">\n\t\t\t\t<div class=\"elementor-element elementor-element-ca8f499 elementor-widget elementor-widget-image\" data-id=\"ca8f499\" data-element_type=\"widget\" data-e-type=\"widget\" data-widget_type=\"image.default\">\n\t\t\t\t\t\t\t\t\t\t\t\t\t\t\t<img decoding=\"async\" width=\"1\" height=\"1\" src=\"https:\/\/euknow.it\/wp-content\/uploads\/2025\/12\/eu-chi-siamo.svg\" class=\"attachment-full size-full wp-image-38246\" alt=\"\" \/>\t\t\t\t\t\t\t\t\t\t\t\t\t\t\t<\/div>\n\t\t\t\t<\/div>\n\t\t<div class=\"elementor-element elementor-element-b524019 e-con-full e-flex e-con e-child\" data-id=\"b524019\" data-element_type=\"container\" data-e-type=\"container\">\n\t\t\t\t<div class=\"elementor-element elementor-element-eee97d2 elementor-widget elementor-widget-heading\" data-id=\"eee97d2\" data-element_type=\"widget\" data-e-type=\"widget\" data-widget_type=\"heading.default\">\n\t\t\t\t\t<h4 class=\"elementor-heading-title elementor-size-default\">Was ist EUknow.co.uk?<\/h4>\t\t\t\t<\/div>\n\t\t\t\t<div class=\"elementor-element elementor-element-4b80e62 elementor-widget elementor-widget-text-editor\" data-id=\"4b80e62\" data-element_type=\"widget\" data-e-type=\"widget\" data-widget_type=\"text-editor.default\">\n\t\t\t\t\t\t\t\t\t<p>EUknow.de ist eine kostenlose, offene und stets aktuelle Referenz, die Sie \u00fcberallhin mitnehmen k\u00f6nnen.<\/p>\t\t\t\t\t\t\t\t<\/div>\n\t\t\t\t<\/div>\n\t\t\t\t\t<\/div>\n\t\t\t\t<\/div>\n\t\t<div class=\"elementor-element elementor-element-6ee85cb e-con-full e-flex e-con e-child\" data-id=\"6ee85cb\" data-element_type=\"container\" data-e-type=\"container\" data-settings=\"{&quot;background_background&quot;:&quot;classic&quot;}\">\n\t\t<div class=\"elementor-element elementor-element-c0d688f e-con-full e-flex e-con e-child\" data-id=\"c0d688f\" data-element_type=\"container\" data-e-type=\"container\">\n\t\t\t\t<div class=\"elementor-element elementor-element-6bbae38 elementor-widget elementor-widget-image\" data-id=\"6bbae38\" data-element_type=\"widget\" data-e-type=\"widget\" data-widget_type=\"image.default\">\n\t\t\t\t\t\t\t\t\t\t\t\t\t\t\t<img loading=\"lazy\" decoding=\"async\" width=\"1\" height=\"1\" src=\"https:\/\/euknow.it\/wp-content\/uploads\/2024\/07\/manuale-medio.svg\" class=\"attachment-full size-full wp-image-38660\" alt=\"\" \/>\t\t\t\t\t\t\t\t\t\t\t\t\t\t\t<\/div>\n\t\t\t\t<\/div>\n\t\t<div class=\"elementor-element elementor-element-b28a0e3 e-con-full e-flex e-con e-child\" data-id=\"b28a0e3\" data-element_type=\"container\" data-e-type=\"container\">\n\t\t\t\t<div class=\"elementor-element elementor-element-3e3b53c elementor-widget elementor-widget-heading\" data-id=\"3e3b53c\" data-element_type=\"widget\" data-e-type=\"widget\" data-widget_type=\"heading.default\">\n\t\t\t\t\t<h4 class=\"elementor-heading-title elementor-size-default\">Handbuch<\/h4>\t\t\t\t<\/div>\n\t\t\t\t<div class=\"elementor-element elementor-element-2f44394 elementor-widget elementor-widget-text-editor\" data-id=\"2f44394\" data-element_type=\"widget\" data-e-type=\"widget\" data-widget_type=\"text-editor.default\">\n\t\t\t\t\t\t\t\t\t<p>Die Grundlagen, Referenzen und Methoden f\u00fcr die Arbeit mit europ\u00e4ischen Fonds und Programmen.<\/p>\t\t\t\t\t\t\t\t<\/div>\n\t\t\t\t<\/div>\n\t\t\t\t<\/div>\n\t\t<div class=\"elementor-element elementor-element-3ff0da5 e-con-full e-flex e-con e-child\" data-id=\"3ff0da5\" data-element_type=\"container\" data-e-type=\"container\" data-settings=\"{&quot;background_background&quot;:&quot;classic&quot;}\">\n\t\t<div class=\"elementor-element elementor-element-bb97f95 e-con-full e-flex e-con e-child\" data-id=\"bb97f95\" data-element_type=\"container\" data-e-type=\"container\">\n\t\t\t\t<div class=\"elementor-element elementor-element-675d31c elementor-widget elementor-widget-image\" data-id=\"675d31c\" data-element_type=\"widget\" data-e-type=\"widget\" data-widget_type=\"image.default\">\n\t\t\t\t\t\t\t\t\t\t\t\t\t\t\t<img loading=\"lazy\" decoding=\"async\" width=\"1\" height=\"1\" src=\"https:\/\/euknow.it\/wp-content\/uploads\/2023\/01\/programmi-medio.svg\" class=\"attachment-large size-large wp-image-38597\" alt=\"\" \/>\t\t\t\t\t\t\t\t\t\t\t\t\t\t\t<\/div>\n\t\t\t\t<\/div>\n\t\t<div class=\"elementor-element elementor-element-4480793 e-con-full e-flex e-con e-child\" data-id=\"4480793\" data-element_type=\"container\" data-e-type=\"container\">\n\t\t\t\t<div class=\"elementor-element elementor-element-9fff9b7 elementor-widget elementor-widget-heading\" data-id=\"9fff9b7\" data-element_type=\"widget\" data-e-type=\"widget\" data-widget_type=\"heading.default\">\n\t\t\t\t\t<h4 class=\"elementor-heading-title elementor-size-default\">Programme<\/h4>\t\t\t\t<\/div>\n\t\t\t\t<div class=\"elementor-element elementor-element-4f0cd52 elementor-widget elementor-widget-text-editor\" data-id=\"4f0cd52\" data-element_type=\"widget\" data-e-type=\"widget\" data-widget_type=\"text-editor.default\">\n\t\t\t\t\t\t\t\t\t<p>Ein schneller Zugang zu programmspezifischen Informationen und Links.<\/p>\t\t\t\t\t\t\t\t<\/div>\n\t\t\t\t<\/div>\n\t\t\t\t<\/div>\n\t\t<div class=\"elementor-element elementor-element-85f4aaa e-con-full e-flex e-con e-child\" data-id=\"85f4aaa\" data-element_type=\"container\" data-e-type=\"container\" data-settings=\"{&quot;background_background&quot;:&quot;classic&quot;}\">\n\t\t<div class=\"elementor-element elementor-element-c8d06e0 e-con-full e-flex e-con e-child\" data-id=\"c8d06e0\" data-element_type=\"container\" data-e-type=\"container\">\n\t\t\t\t<div class=\"elementor-element elementor-element-4cab940 elementor-widget elementor-widget-image\" data-id=\"4cab940\" data-element_type=\"widget\" data-e-type=\"widget\" data-widget_type=\"image.default\">\n\t\t\t\t\t\t\t\t\t\t\t\t\t\t\t<img loading=\"lazy\" decoding=\"async\" width=\"1\" height=\"1\" src=\"https:\/\/euknow.it\/wp-content\/uploads\/2023\/01\/approfondimenti-big.svg\" class=\"attachment-large size-large wp-image-36161\" alt=\"\" \/>\t\t\t\t\t\t\t\t\t\t\t\t\t\t\t<\/div>\n\t\t\t\t<\/div>\n\t\t<div class=\"elementor-element elementor-element-8cee021 e-con-full e-flex e-con e-child\" data-id=\"8cee021\" data-element_type=\"container\" data-e-type=\"container\">\n\t\t\t\t<div class=\"elementor-element elementor-element-8cc43e9 elementor-widget elementor-widget-heading\" data-id=\"8cc43e9\" data-element_type=\"widget\" data-e-type=\"widget\" data-widget_type=\"heading.default\">\n\t\t\t\t\t<h4 class=\"elementor-heading-title elementor-size-default\">Einblicke<\/h4>\t\t\t\t<\/div>\n\t\t\t\t<div class=\"elementor-element elementor-element-2f7de65 elementor-widget elementor-widget-text-editor\" data-id=\"2f7de65\" data-element_type=\"widget\" data-e-type=\"widget\" data-widget_type=\"text-editor.default\">\n\t\t\t\t\t\t\t\t\t<p>Nachrichten, Tools, Interviews, Ausschreibungen und Ressourcen<\/p>\t\t\t\t\t\t\t\t<\/div>\n\t\t\t\t<\/div>\n\t\t\t\t<\/div>\n\t\t\t\t\t<\/div>\n\t\t\t\t<\/div>\n\t\t<div class=\"elementor-element elementor-element-409688d e-flex e-con-boxed e-con e-parent\" data-id=\"409688d\" data-element_type=\"container\" data-e-type=\"container\">\n\t\t\t\t\t<div class=\"e-con-inner\">\n\t\t<div class=\"elementor-element elementor-element-895e831 e-con-full e-flex e-con e-child\" data-id=\"895e831\" data-element_type=\"container\" data-e-type=\"container\">\n\t\t<div class=\"elementor-element elementor-element-c34b8b5 e-flex e-con-boxed e-con e-child\" data-id=\"c34b8b5\" data-element_type=\"container\" data-e-type=\"container\">\n\t\t\t\t\t<div class=\"e-con-inner\">\n\t\t\t\t<div class=\"elementor-element elementor-element-6a8cfd8 elementor-widget elementor-widget-heading\" data-id=\"6a8cfd8\" data-element_type=\"widget\" data-e-type=\"widget\" data-widget_type=\"heading.default\">\n\t\t\t\t\t<h4 class=\"elementor-heading-title elementor-size-default\">Folgen Sie uns<\/h4>\t\t\t\t<\/div>\n\t\t\t\t<div class=\"elementor-element elementor-element-4f633a9 elementor-shape-square e-grid-align-left e-grid-align-tablet-left elementor-grid-0 elementor-widget elementor-widget-social-icons\" data-id=\"4f633a9\" data-element_type=\"widget\" data-e-type=\"widget\" data-widget_type=\"social-icons.default\">\n\t\t\t\t\t\t\t<div class=\"elementor-social-icons-wrapper elementor-grid\" role=\"list\">\n\t\t\t\t\t\t\t<span class=\"elementor-grid-item\" role=\"listitem\">\n\t\t\t\t\t<a class=\"elementor-icon elementor-social-icon elementor-social-icon-facebook elementor-repeater-item-46bf64a\" href=\"https:\/\/www.facebook.com\/euknowit\/\" target=\"_blank\" rel=\"noopener\">\n\t\t\t\t\t\t<span class=\"elementor-screen-only\">Facebook<\/span>\n\t\t\t\t\t\t<i aria-hidden=\"true\" class=\"fab fa-facebook\"><\/i>\t\t\t\t\t<\/a>\n\t\t\t\t<\/span>\n\t\t\t\t\t\t\t<span class=\"elementor-grid-item\" role=\"listitem\">\n\t\t\t\t\t<a class=\"elementor-icon elementor-social-icon elementor-social-icon-linkedin elementor-repeater-item-a6118d0\" href=\"https:\/\/www.linkedin.com\/company\/euknowit\/\" target=\"_blank\" rel=\"noopener\">\n\t\t\t\t\t\t<span class=\"elementor-screen-only\">Linkedin<\/span>\n\t\t\t\t\t\t<i aria-hidden=\"true\" class=\"fab fa-linkedin\"><\/i>\t\t\t\t\t<\/a>\n\t\t\t\t<\/span>\n\t\t\t\t\t<\/div>\n\t\t\t\t\t\t<\/div>\n\t\t\t\t\t<\/div>\n\t\t\t\t<\/div>\n\t\t\t\t<\/div>\n\t\t\t\t<div class=\"elementor-element elementor-element-cc7253b elementor-widget elementor-widget-dce-rawphp\" data-id=\"cc7253b\" data-element_type=\"widget\" data-e-type=\"widget\" data-widget_type=\"dce-rawphp.default\">\n\t\t\t\t<div class=\"elementor-widget-container\">\n\t\t\t\t\t<!-- Dynamic PHP Raw -->2026 \u00a9 EUknow.it - Guida all'Europrogettazione |Credits by <a href=\"https:\/\/cappellidesign.com\" target=\"_blank\" rel=\"noopener\">Cappelli Identity Design<\/a>\t\t\t\t<\/div>\n\t\t\t\t<\/div>\n\t\t\t\t\t<\/div>\n\t\t\t\t<\/div>\n\t\t\t\t<\/div>\n\t\t","protected":false},"excerpt":{"rendered":"<p>Der Leitfaden f\u00fcr europ\u00e4ische Programme und Projekte Der Newsletter von EUknow.co.uk Schlie\u00dfen Sie sich den \u00fcber 15.000 Fachleuten und Europlanern an, die bereits unsere Updates erhalten. Einmal im Monat, direkt in Ihrer E-Mail. DER EUKNOW.DE NEWSLETTER Die Welt der europ\u00e4ischen Programme und Aufforderungen zur Einreichung von Vorschl\u00e4gen kann immer bei Ihnen sein Melden Sie sich [&hellip;]<\/p>\n","protected":false},"author":10,"featured_media":0,"parent":0,"menu_order":0,"comment_status":"closed","ping_status":"closed","template":"elementor_canvas","meta":{"_acf_changed":false,"inline_featured_image":false,"footnotes":""},"page-tag":[],"class_list":["post-40738","page","type-page","status-publish","hentry"],"acf":[],"_links":{"self":[{"href":"https:\/\/euknow.it\/de\/wp-json\/wp\/v2\/pages\/40738","targetHints":{"allow":["GET"]}}],"collection":[{"href":"https:\/\/euknow.it\/de\/wp-json\/wp\/v2\/pages"}],"about":[{"href":"https:\/\/euknow.it\/de\/wp-json\/wp\/v2\/types\/page"}],"author":[{"embeddable":true,"href":"https:\/\/euknow.it\/de\/wp-json\/wp\/v2\/users\/10"}],"replies":[{"embeddable":true,"href":"https:\/\/euknow.it\/de\/wp-json\/wp\/v2\/comments?post=40738"}],"version-history":[{"count":5,"href":"https:\/\/euknow.it\/de\/wp-json\/wp\/v2\/pages\/40738\/revisions"}],"predecessor-version":[{"id":40823,"href":"https:\/\/euknow.it\/de\/wp-json\/wp\/v2\/pages\/40738\/revisions\/40823"}],"wp:attachment":[{"href":"https:\/\/euknow.it\/de\/wp-json\/wp\/v2\/media?parent=40738"}],"wp:term":[{"taxonomy":"page-tag","embeddable":true,"href":"https:\/\/euknow.it\/de\/wp-json\/wp\/v2\/page-tag?post=40738"}],"curies":[{"name":"wp","href":"https:\/\/api.w.org\/{rel}","templated":true}]}}